{"id":67,"date":"2013-07-06T09:30:27","date_gmt":"2013-07-06T08:30:27","guid":{"rendered":"http:\/\/www.obsthof-glueck.at\/?page_id=67"},"modified":"2025-04-20T22:57:35","modified_gmt":"2025-04-20T21:57:35","slug":"bauernladen","status":"publish","type":"page","link":"https:\/\/www.obsthof-glueck.at\/?page_id=67","title":{"rendered":"Bauernladen"},"content":{"rendered":"\n<p class=\"has-text-align-right has-primary-color has-text-color has-link-color coblocks-animate wp-elements-2a18e646229eb3c5e9f76e9148a08cbd wp-block-paragraph\" id=\"top\" style=\"margin-top:0;margin-bottom:0\" data-coblocks-animation=\"zoomIn\"><strong><a href=\"#fotos\" data-type=\"internal\" data-id=\"#fotos\">Fotos<\/a> <\/strong><a href=\"#fotos\"><img loading=\"lazy\" decoding=\"async\" width=\"50\" height=\"38\" class=\"wp-image-385\" style=\"width: 50px;\" src=\"https:\/\/www.obsthof-glueck.at\/wp-content\/uploads\/2013\/07\/bauernladen_01.jpg\" alt=\"\" srcset=\"https:\/\/www.obsthof-glueck.at\/wp-content\/uploads\/2013\/07\/bauernladen_01.jpg 640w, https:\/\/www.obsthof-glueck.at\/wp-content\/uploads\/2013\/07\/bauernladen_01-300x225.jpg 300w\" sizes=\"auto, (max-width: 50px) 100vw, 50px\" \/><\/a><\/p>\n\n\n\n<p class=\"has-text-align-center has-custom-weight has-custom-letterspacing wp-block-paragraph\" style=\"margin-top:var(--wp--preset--spacing--30);margin-bottom:var(--wp--preset--spacing--30);letter-spacing:3px;font-weight:bold;font-size:35px\"><em>Bauernladen<\/em><\/p>\n\n\n\n<p class=\"has-text-align-center has-custom-weight wp-block-paragraph\" style=\"margin-top:var(--wp--preset--spacing--50);margin-bottom:var(--wp--preset--spacing--50);font-weight:bold;font-size:20px\">Schauen sie einfach bei uns im Bauernladen vorbei,<br \/>bestimmt ist auch f\u00fcr Sie etwas dabei!<\/p>\n\n\n\n<figure class=\"wp-block-image aligncenter is-resized\" style=\"margin-top:var(--wp--preset--spacing--60);margin-bottom:var(--wp--preset--spacing--60)\"><img loading=\"lazy\" decoding=\"async\" width=\"640\" height=\"480\" src=\"http:\/\/www.obsthof-glueck.at\/wp-content\/uploads\/2013\/07\/bauernladen_01.jpg\" alt=\"\" class=\"wp-image-385\" style=\"box-shadow:var(--wp--preset--shadow--natural);width:500px\" srcset=\"https:\/\/www.obsthof-glueck.at\/wp-content\/uploads\/2013\/07\/bauernladen_01.jpg 640w, https:\/\/www.obsthof-glueck.at\/wp-content\/uploads\/2013\/07\/bauernladen_01-300x225.jpg 300w\" sizes=\"auto, (max-width: 640px) 100vw, 640px\" \/><\/figure>\n\n\n\n<p class=\"is-style-info wp-block-paragraph\" style=\"margin-top:var(--wp--preset--spacing--60);margin-bottom:var(--wp--preset--spacing--60);padding-top:var(--wp--preset--spacing--30);padding-right:var(--wp--preset--spacing--40);padding-bottom:var(--wp--preset--spacing--30);padding-left:var(--wp--preset--spacing--40)\">In unserem Bauernladen erwartet Sie vor allem eine gro\u00dfe Auswahl an verschiedenen Apfelsorten sowie die Fr\u00fcchte und Beeren der Saison aus eigener Produktion.<br \/>Dar\u00fcber hinaus finden Sie in unserem Bauernladen feine Weine, Lik\u00f6re, Obstbr\u00e4nde und Fruchtzubereitungen, t\u00e4gliches frisches Gem\u00fcse und eingelegtes aus der Gem\u00fcsek\u00fcche.<br \/>Gerne erstellen wir Ihnen einen Geschenkskorb ganz nach Ihren W\u00fcnschen und Vorstellungen auch auf Bestellung.<\/p>\n\n\n\n<p style=\"margin-top:0;margin-bottom:0;font-weight:bold;font-size:25px\" class=\"has-custom-weight wp-block-paragraph\">Unsere eigenen Bauernladen-Produkte<\/p>\n\n\n\n<ul class=\"wp-block-list\">\n<li style=\"margin-top:0;margin-bottom:0\"><strong>Frisches Obst und Gem\u00fcse je nach Saison<\/strong><\/li>\n\n\n\n<li style=\"margin-top:0;margin-bottom:0\"><strong>versch. S\u00e4fte, Nektar, Edelbr\u00e4nde, Lik\u00f6re<\/strong><\/li>\n\n\n\n<li style=\"margin-top:0;margin-bottom:0\"><strong>versch. Essigarten, Most<\/strong><\/li>\n\n\n\n<li style=\"margin-top:0;margin-bottom:0\"><strong>Gesunde Ecke (Aronia, Holunder, Arnika, Tannenwipferl, usw.)<\/strong><\/li>\n\n\n\n<li style=\"margin-top:0;margin-bottom:0\"><strong>Fruchtaufstriche, Chutney, Senf<\/strong><\/li>\n\n\n\n<li style=\"margin-top:0;margin-bottom:0\"><strong>Trockenfr\u00fcchte, frische Mehlspeisen (auch Gluten frei)<\/strong><\/li>\n\n\n\n<li style=\"margin-top:0;margin-bottom:0\"><strong>Seifen<\/strong><\/li>\n\n\n\n<li style=\"margin-top:0;margin-bottom:0\"><strong>Handarbeiten<\/strong><\/li>\n\n\n\n<li style=\"margin-top:0;margin-bottom:0\"><strong>Holzarbeiten, Deko-St\u00fccke<\/strong><br \/><\/li>\n<\/ul>\n\n\n\n<p style=\"margin-top:0;margin-bottom:0;font-weight:bold;font-size:25px\" class=\"has-custom-weight wp-block-paragraph\">Produkte&nbsp;von Bauern aus der Umgebung<\/p>\n\n\n\n<ul class=\"wp-block-list\">\n<li style=\"padding-top:0;padding-bottom:0\"><strong>Kern\u00f6l, K\u00fcrbiskernlik\u00f6r, Pesto<\/strong><\/li>\n\n\n\n<li style=\"padding-top:0;padding-bottom:0\"><strong>Mandeln, Haseln\u00fcsse, Knabberkerne,&nbsp;Schokolade<\/strong><\/li>\n\n\n\n<li style=\"padding-top:0;padding-bottom:0\"><strong>Hausgemachte Nudeln, versch. Honig, Tee, Apfelchips<\/strong><\/li>\n\n\n\n<li style=\"padding-top:0;padding-bottom:0\"><strong>Milchprodukte (Kuh, Ziege, Schaf), Tofu <\/strong><\/li>\n\n\n\n<li style=\"padding-top:0;padding-bottom:0\"><strong>Steirischer Reis, verschiedene Mehlsorten<\/strong><\/li>\n\n\n\n<li style=\"padding-top:0;padding-bottom:0\"><strong>versch. Weine, Frizzante<\/strong><\/li>\n\n\n\n<li style=\"padding-top:0;padding-bottom:0\"><strong>Spezialit\u00e4ten von unserer Fleischerei WAGNER<\/strong><br \/><\/li>\n<\/ul>\n\n\n\n<p class=\"has-text-align-right wp-block-paragraph\" id=\"fotos\" style=\"margin-top:var(--wp--preset--spacing--20);margin-bottom:var(--wp--preset--spacing--20);padding-top:0;padding-right:0;padding-bottom:0;padding-left:0\"><a href=\"#top\" data-type=\"internal\" data-id=\"#top\"><img loading=\"lazy\" decoding=\"async\" width=\"50\" height=\"50\" class=\"wp-image-1406\" style=\"width: 50px;\" src=\"https:\/\/www.obsthof-glueck.at\/wp-content\/uploads\/2025\/04\/nach_oben.png\" alt=\"\" srcset=\"https:\/\/www.obsthof-glueck.at\/wp-content\/uploads\/2025\/04\/nach_oben.png 472w, https:\/\/www.obsthof-glueck.at\/wp-content\/uploads\/2025\/04\/nach_oben-300x300.png 300w, https:\/\/www.obsthof-glueck.at\/wp-content\/uploads\/2025\/04\/nach_oben-150x150.png 150w\" sizes=\"auto, (max-width: 50px) 100vw, 50px\" \/><\/a><\/p>\n\n\n\n<p class=\"has-text-align-center wp-block-paragraph\" id=\"fotos\" style=\"margin-top:var(--wp--preset--spacing--30);margin-bottom:var(--wp--preset--spacing--30)\">Fotos Bauerladen<\/p>\n\n\n\n<div class=\"wp-block-uagb-slider uagb-block-48966f3a uagb-slider-container\"><div class=\"uagb-slides uagb-swiper\"><div class=\"swiper-wrapper\">\n\n<div class=\"wp-block-uagb-slider-child uagb-slider-child-wrap swiper-slide uagb-block-1ed76057\"><div class=\"swiper-content\">\n\n<figure class=\"wp-block-image aligncenter size-large\"><img loading=\"lazy\" decoding=\"async\" width=\"1024\" height=\"576\" src=\"https:\/\/www.obsthof-glueck.at\/wp-content\/uploads\/2025\/04\/P1140641-1024x576.jpg\" alt=\"\" class=\"wp-image-1205\" style=\"box-shadow:var(--wp--preset--shadow--natural);object-fit:cover\" srcset=\"https:\/\/www.obsthof-glueck.at\/wp-content\/uploads\/2025\/04\/P1140641-1024x576.jpg 1024w, https:\/\/www.obsthof-glueck.at\/wp-content\/uploads\/2025\/04\/P1140641-300x169.jpg 300w, https:\/\/www.obsthof-glueck.at\/wp-content\/uploads\/2025\/04\/P1140641-768x432.jpg 768w, https:\/\/www.obsthof-glueck.at\/wp-content\/uploads\/2025\/04\/P1140641-1536x864.jpg 1536w, https:\/\/www.obsthof-glueck.at\/wp-content\/uploads\/2025\/04\/P1140641-2048x1152.jpg 2048w\" sizes=\"auto, (max-width: 1024px) 100vw, 1024px\" \/><\/figure>\n\n<\/div><\/div>\n\n\n<div class=\"wp-block-uagb-slider-child uagb-slider-child-wrap swiper-slide uagb-block-ca520d0c\"><div class=\"swiper-content\">\n\n<figure class=\"wp-block-image aligncenter size-full is-resized\"><img loading=\"lazy\" decoding=\"async\" width=\"450\" height=\"219\" src=\"https:\/\/www.obsthof-glueck.at\/wp-content\/uploads\/2013\/07\/bauernladen_06.jpg\" alt=\"\" class=\"wp-image-433\" style=\"box-shadow:var(--wp--preset--shadow--natural);width:600px\" srcset=\"https:\/\/www.obsthof-glueck.at\/wp-content\/uploads\/2013\/07\/bauernladen_06.jpg 450w, https:\/\/www.obsthof-glueck.at\/wp-content\/uploads\/2013\/07\/bauernladen_06-300x146.jpg 300w\" sizes=\"auto, (max-width: 450px) 100vw, 450px\" \/><\/figure>\n\n<\/div><\/div>\n\n\n<div class=\"wp-block-uagb-slider-child uagb-slider-child-wrap swiper-slide uagb-block-ba6eea2a\"><div class=\"swiper-content\">\n\n<figure class=\"wp-block-image aligncenter size-full is-resized\"><img loading=\"lazy\" decoding=\"async\" width=\"450\" height=\"249\" src=\"https:\/\/www.obsthof-glueck.at\/wp-content\/uploads\/2013\/07\/bauernladen_03.jpg\" alt=\"bauernladen_03\" class=\"wp-image-391\" style=\"box-shadow:var(--wp--preset--shadow--natural);width:600px\" srcset=\"https:\/\/www.obsthof-glueck.at\/wp-content\/uploads\/2013\/07\/bauernladen_03.jpg 450w, https:\/\/www.obsthof-glueck.at\/wp-content\/uploads\/2013\/07\/bauernladen_03-300x166.jpg 300w\" sizes=\"auto, (max-width: 450px) 100vw, 450px\" \/><\/figure>\n\n<\/div><\/div>\n\n\n<div class=\"wp-block-uagb-slider-child uagb-slider-child-wrap swiper-slide uagb-block-8250d974\"><div class=\"swiper-content\">\n\n<figure class=\"wp-block-image aligncenter size-full is-resized\"><img loading=\"lazy\" decoding=\"async\" width=\"450\" height=\"188\" src=\"https:\/\/www.obsthof-glueck.at\/wp-content\/uploads\/2013\/07\/bauernladen_05.jpg\" alt=\"bauernladen_05\" class=\"wp-image-400\" style=\"box-shadow:var(--wp--preset--shadow--natural);width:600px\" srcset=\"https:\/\/www.obsthof-glueck.at\/wp-content\/uploads\/2013\/07\/bauernladen_05.jpg 450w, https:\/\/www.obsthof-glueck.at\/wp-content\/uploads\/2013\/07\/bauernladen_05-300x125.jpg 300w\" sizes=\"auto, (max-width: 450px) 100vw, 450px\" \/><\/figure>\n\n<\/div><\/div>\n\n\n<div class=\"wp-block-uagb-slider-child uagb-slider-child-wrap swiper-slide uagb-block-2d53f2f6\"><div class=\"swiper-content\">\n\n<figure class=\"wp-block-image aligncenter size-full is-resized\"><img loading=\"lazy\" decoding=\"async\" width=\"450\" height=\"218\" src=\"https:\/\/www.obsthof-glueck.at\/wp-content\/uploads\/2013\/07\/bauernladen_04.jpg\" alt=\"bauernladen_04\" class=\"wp-image-399\" style=\"box-shadow:var(--wp--preset--shadow--natural);width:600px\" srcset=\"https:\/\/www.obsthof-glueck.at\/wp-content\/uploads\/2013\/07\/bauernladen_04.jpg 450w, https:\/\/www.obsthof-glueck.at\/wp-content\/uploads\/2013\/07\/bauernladen_04-300x145.jpg 300w\" sizes=\"auto, (max-width: 450px) 100vw, 450px\" \/><\/figure>\n\n<\/div><\/div>\n\n\n<div class=\"wp-block-uagb-slider-child uagb-slider-child-wrap swiper-slide uagb-block-ff624b1f\"><div class=\"swiper-content\">\n\n<figure class=\"wp-block-image aligncenter size-large\"><img loading=\"lazy\" decoding=\"async\" width=\"1024\" height=\"576\" src=\"https:\/\/www.obsthof-glueck.at\/wp-content\/uploads\/2025\/04\/2025-04-11_bauernladen_7-1024x576.jpg\" alt=\"\" class=\"wp-image-1198\" style=\"box-shadow:var(--wp--preset--shadow--natural);object-fit:cover\" srcset=\"https:\/\/www.obsthof-glueck.at\/wp-content\/uploads\/2025\/04\/2025-04-11_bauernladen_7-1024x576.jpg 1024w, https:\/\/www.obsthof-glueck.at\/wp-content\/uploads\/2025\/04\/2025-04-11_bauernladen_7-300x169.jpg 300w, https:\/\/www.obsthof-glueck.at\/wp-content\/uploads\/2025\/04\/2025-04-11_bauernladen_7-768x432.jpg 768w, https:\/\/www.obsthof-glueck.at\/wp-content\/uploads\/2025\/04\/2025-04-11_bauernladen_7-1536x864.jpg 1536w, https:\/\/www.obsthof-glueck.at\/wp-content\/uploads\/2025\/04\/2025-04-11_bauernladen_7.jpg 1600w\" sizes=\"auto, (max-width: 1024px) 100vw, 1024px\" \/><\/figure>\n\n<\/div><\/div>\n\n\n<div class=\"wp-block-uagb-slider-child uagb-slider-child-wrap swiper-slide uagb-block-55329bcf\"><div class=\"swiper-content\">\n\n<figure class=\"wp-block-image aligncenter size-full\"><img loading=\"lazy\" decoding=\"async\" width=\"1600\" height=\"900\" src=\"https:\/\/www.obsthof-glueck.at\/wp-content\/uploads\/2025\/04\/2025-04-11_bauernladen_6.jpg\" alt=\"\" class=\"wp-image-1197\" style=\"box-shadow:var(--wp--preset--shadow--natural);object-fit:cover\" srcset=\"https:\/\/www.obsthof-glueck.at\/wp-content\/uploads\/2025\/04\/2025-04-11_bauernladen_6.jpg 1600w, https:\/\/www.obsthof-glueck.at\/wp-content\/uploads\/2025\/04\/2025-04-11_bauernladen_6-300x169.jpg 300w, https:\/\/www.obsthof-glueck.at\/wp-content\/uploads\/2025\/04\/2025-04-11_bauernladen_6-1024x576.jpg 1024w, https:\/\/www.obsthof-glueck.at\/wp-content\/uploads\/2025\/04\/2025-04-11_bauernladen_6-768x432.jpg 768w, https:\/\/www.obsthof-glueck.at\/wp-content\/uploads\/2025\/04\/2025-04-11_bauernladen_6-1536x864.jpg 1536w\" sizes=\"auto, (max-width: 1600px) 100vw, 1600px\" \/><\/figure>\n\n<\/div><\/div>\n\n\n<div class=\"wp-block-uagb-slider-child uagb-slider-child-wrap swiper-slide uagb-block-6693d11f\"><div class=\"swiper-content\">\n\n<figure class=\"wp-block-image size-large is-resized\"><img loading=\"lazy\" decoding=\"async\" width=\"1024\" height=\"1024\" src=\"https:\/\/www.obsthof-glueck.at\/wp-content\/uploads\/2025\/04\/2025-04-11_bauernladen_2-1024x1024.jpg\" alt=\"\" class=\"wp-image-1193\" style=\"box-shadow:var(--wp--preset--shadow--natural);width:auto;height:400px\" srcset=\"https:\/\/www.obsthof-glueck.at\/wp-content\/uploads\/2025\/04\/2025-04-11_bauernladen_2-1024x1024.jpg 1024w, https:\/\/www.obsthof-glueck.at\/wp-content\/uploads\/2025\/04\/2025-04-11_bauernladen_2-300x300.jpg 300w, https:\/\/www.obsthof-glueck.at\/wp-content\/uploads\/2025\/04\/2025-04-11_bauernladen_2-150x150.jpg 150w, https:\/\/www.obsthof-glueck.at\/wp-content\/uploads\/2025\/04\/2025-04-11_bauernladen_2-768x768.jpg 768w, https:\/\/www.obsthof-glueck.at\/wp-content\/uploads\/2025\/04\/2025-04-11_bauernladen_2.jpg 1080w\" sizes=\"auto, (max-width: 1024px) 100vw, 1024px\" \/><\/figure>\n\n<\/div><\/div>\n\n\n<div class=\"wp-block-uagb-slider-child uagb-slider-child-wrap swiper-slide uagb-block-b53230ed\"><div class=\"swiper-content\">\n\n<figure class=\"wp-block-image aligncenter size-large is-resized\"><img loading=\"lazy\" decoding=\"async\" width=\"1024\" height=\"1024\" src=\"https:\/\/www.obsthof-glueck.at\/wp-content\/uploads\/2025\/04\/2025-04-11_bauernladen_1-1024x1024.jpg\" alt=\"\" class=\"wp-image-1192\" style=\"box-shadow:var(--wp--preset--shadow--natural);width:auto;height:400px\" srcset=\"https:\/\/www.obsthof-glueck.at\/wp-content\/uploads\/2025\/04\/2025-04-11_bauernladen_1-1024x1024.jpg 1024w, https:\/\/www.obsthof-glueck.at\/wp-content\/uploads\/2025\/04\/2025-04-11_bauernladen_1-300x300.jpg 300w, https:\/\/www.obsthof-glueck.at\/wp-content\/uploads\/2025\/04\/2025-04-11_bauernladen_1-150x150.jpg 150w, https:\/\/www.obsthof-glueck.at\/wp-content\/uploads\/2025\/04\/2025-04-11_bauernladen_1-768x768.jpg 768w, https:\/\/www.obsthof-glueck.at\/wp-content\/uploads\/2025\/04\/2025-04-11_bauernladen_1.jpg 1080w\" sizes=\"auto, (max-width: 1024px) 100vw, 1024px\" \/><\/figure>\n\n<\/div><\/div>\n\n\n<div class=\"wp-block-uagb-slider-child uagb-slider-child-wrap swiper-slide uagb-block-1b1cdb6d\"><div class=\"swiper-content\">\n\n<figure class=\"wp-block-image aligncenter size-full is-resized\"><img loading=\"lazy\" decoding=\"async\" width=\"1080\" height=\"1080\" src=\"https:\/\/www.obsthof-glueck.at\/wp-content\/uploads\/2025\/04\/2025-04-11_bauernladen_4.jpg\" alt=\"\" class=\"wp-image-1195\" style=\"box-shadow:var(--wp--preset--shadow--natural);width:auto;height:400px\" srcset=\"https:\/\/www.obsthof-glueck.at\/wp-content\/uploads\/2025\/04\/2025-04-11_bauernladen_4.jpg 1080w, https:\/\/www.obsthof-glueck.at\/wp-content\/uploads\/2025\/04\/2025-04-11_bauernladen_4-300x300.jpg 300w, https:\/\/www.obsthof-glueck.at\/wp-content\/uploads\/2025\/04\/2025-04-11_bauernladen_4-1024x1024.jpg 1024w, https:\/\/www.obsthof-glueck.at\/wp-content\/uploads\/2025\/04\/2025-04-11_bauernladen_4-150x150.jpg 150w, https:\/\/www.obsthof-glueck.at\/wp-content\/uploads\/2025\/04\/2025-04-11_bauernladen_4-768x768.jpg 768w\" sizes=\"auto, (max-width: 1080px) 100vw, 1080px\" \/><\/figure>\n\n<\/div><\/div>\n\n<\/div><\/div><div class=\"swiper-pagination\"><\/div><div class=\"swiper-button-prev\"><\/div><div class=\"swiper-button-next\"><\/div><\/div>\n","protected":false},"excerpt":{"rendered":"<p>Fotos Bauernladen Schauen sie einfach bei uns im Bauernladen vorbei,bestimmt ist auch f\u00fcr Sie etwas dabei! In unserem Bauernladen erwartet [&hellip;]<\/p>\n","protected":false},"author":1,"featured_media":0,"parent":0,"menu_order":5,"comment_status":"closed","ping_status":"closed","template":"","meta":{"_coblocks_attr":"","_coblocks_dimensions":"","_coblocks_responsive_height":"","_coblocks_accordion_ie_support":"","_crdt_document":"","_uag_custom_page_level_css":"","site-sidebar-layout":"no-sidebar","site-content-layout":"","ast-site-content-layout":"narrow-width-container","site-content-style":"boxed","site-sidebar-style":"default","ast-global-header-display":"","ast-banner-title-visibility":"","ast-main-header-display":"","ast-hfb-above-header-display":"","ast-hfb-below-header-display":"","ast-hfb-mobile-header-display":"","site-post-title":"disabled","ast-breadcrumbs-content":"","ast-featured-img":"","footer-sml-layout":"","ast-disable-related-posts":"","theme-transparent-header-meta":"","adv-header-id-meta":"","stick-header-meta":"","header-above-stick-meta":"","header-main-stick-meta":"","header-below-stick-meta":"","astra-migrate-meta-layouts":"default","ast-page-background-enabled":"default","ast-page-background-meta":{"desktop":{"background-color":"var(--ast-global-color-5)","background-image":"","background-repeat":"repeat","background-position":"center center","background-size":"auto","background-attachment":"scroll","background-type":"","background-media":"","overlay-type":"","overlay-color":"","overlay-opacity":"","overlay-gradient":""},"tablet":{"background-color":"","background-image":"","background-repeat":"repeat","background-position":"center center","background-size":"auto","background-attachment":"scroll","background-type":"","background-media":"","overlay-type":"","overlay-color":"","overlay-opacity":"","overlay-gradient":""},"mobile":{"background-color":"","background-image":"","background-repeat":"repeat","background-position":"center center","background-size":"auto","background-attachment":"scroll","background-type":"","background-media":"","overlay-type":"","overlay-color":"","overlay-opacity":"","overlay-gradient":""}},"ast-content-background-meta":{"desktop":{"background-color":"var(--ast-global-color-4)","background-image":"","background-repeat":"repeat","background-position":"center center","background-size":"auto","background-attachment":"scroll","background-type":"","background-media":"","overlay-type":"","overlay-color":"","overlay-opacity":"","overlay-gradient":""},"tablet":{"background-color":"var(--ast-global-color-4)","background-image":"","background-repeat":"repeat","background-position":"center center","background-size":"auto","background-attachment":"scroll","background-type":"","background-media":"","overlay-type":"","overlay-color":"","overlay-opacity":"","overlay-gradient":""},"mobile":{"background-color":"var(--ast-global-color-4)","background-image":"","background-repeat":"repeat","background-position":"center center","background-size":"auto","background-attachment":"scroll","background-type":"","background-media":"","overlay-type":"","overlay-color":"","overlay-opacity":"","overlay-gradient":""}},"footnotes":""},"class_list":["post-67","page","type-page","status-publish","hentry"],"uagb_featured_image_src":{"full":false,"thumbnail":false,"medium":false,"medium_large":false,"large":false,"1536x1536":false,"2048x2048":false},"uagb_author_info":{"display_name":"wordpressadmin","author_link":"https:\/\/www.obsthof-glueck.at\/?author=1"},"uagb_comment_info":0,"uagb_excerpt":"Fotos Bauernladen Schauen sie einfach bei uns im Bauernladen vorbei,bestimmt ist auch f\u00fcr Sie etwas dabei! In unserem Bauernladen erwartet [&hellip;]","_links":{"self":[{"href":"https:\/\/www.obsthof-glueck.at\/index.php?rest_route=\/wp\/v2\/pages\/67","targetHints":{"allow":["GET"]}}],"collection":[{"href":"https:\/\/www.obsthof-glueck.at\/index.php?rest_route=\/wp\/v2\/pages"}],"about":[{"href":"https:\/\/www.obsthof-glueck.at\/index.php?rest_route=\/wp\/v2\/types\/page"}],"author":[{"embeddable":true,"href":"https:\/\/www.obsthof-glueck.at\/index.php?rest_route=\/wp\/v2\/users\/1"}],"replies":[{"embeddable":true,"href":"https:\/\/www.obsthof-glueck.at\/index.php?rest_route=%2Fwp%2Fv2%2Fcomments&post=67"}],"version-history":[{"count":225,"href":"https:\/\/www.obsthof-glueck.at\/index.php?rest_route=\/wp\/v2\/pages\/67\/revisions"}],"predecessor-version":[{"id":1419,"href":"https:\/\/www.obsthof-glueck.at\/index.php?rest_route=\/wp\/v2\/pages\/67\/revisions\/1419"}],"wp:attachment":[{"href":"https:\/\/www.obsthof-glueck.at\/index.php?rest_route=%2Fwp%2Fv2%2Fmedia&parent=67"}],"curies":[{"name":"wp","href":"https:\/\/api.w.org\/{rel}","templated":true}]}}