{"id":17,"date":"2013-06-27T23:35:25","date_gmt":"2013-06-27T21:35:25","guid":{"rendered":"http:\/\/www.obsthof-glueck.at\/?page_id=17"},"modified":"2025-04-20T20:00:37","modified_gmt":"2025-04-20T19:00:37","slug":"familie","status":"publish","type":"page","link":"https:\/\/www.obsthof-glueck.at\/?page_id=17","title":{"rendered":"Familie"},"content":{"rendered":"\n<p class=\"has-text-align-right has-primary-color has-text-color has-link-color coblocks-animate wp-elements-d47296305ebc503849013730ba3b357a wp-block-paragraph\" id=\"top\" style=\"margin-top:var(--wp--preset--spacing--20);margin-bottom:var(--wp--preset--spacing--20)\" data-coblocks-animation=\"zoomIn\"><strong><a href=\"#fotos\" data-type=\"internal\" data-id=\"#fotos\">Fotos<\/a> <\/strong><a href=\"#fotos\" data-type=\"internal\" data-id=\"#fotos\"><img loading=\"lazy\" decoding=\"async\" width=\"50\" height=\"53\" class=\"wp-image-455\" style=\"width: 50px;\" src=\"https:\/\/www.obsthof-glueck.at\/wp-content\/uploads\/2018\/05\/Familienfoto.jpg\" alt=\"\" srcset=\"https:\/\/www.obsthof-glueck.at\/wp-content\/uploads\/2018\/05\/Familienfoto.jpg 640w, https:\/\/www.obsthof-glueck.at\/wp-content\/uploads\/2018\/05\/Familienfoto-281x300.jpg 281w\" sizes=\"auto, (max-width: 50px) 100vw, 50px\" \/><\/a><\/p>\n\n\n\n<p class=\"has-text-align-center has-large-font-size has-custom-weight has-custom-lineheight has-custom-letterspacing mb-0 pb-0 mt-0 pt-0 wp-block-paragraph\" style=\"margin-top:var(--wp--preset--spacing--40);margin-bottom:var(--wp--preset--spacing--40);line-height:1.2;letter-spacing:3px;font-weight:bold;font-size:35px\"><em>Herzlich willkommen<br \/>am Obsthof Gl\u00fcck<\/em>!<\/p>\n\n\n\n<p class=\"is-style-success wp-block-paragraph\" style=\"padding-top:var(--wp--preset--spacing--30);padding-right:var(--wp--preset--spacing--40);padding-bottom:var(--wp--preset--spacing--30);padding-left:var(--wp--preset--spacing--40)\">Naturnaher und umweltfreundlicher Anbau ist f\u00fcr unseren anerkannten Obstbaufachbetrieb eine Selbstverst\u00e4ndlichkeit.<br \/>Eine sorgf\u00e4ltige Sortenwahl sorgt seit Generationen auf heimischen L\u00f6ssboden, unterst\u00fctzt durch die H\u00fcgellage und unser Klima, f\u00fcr beste ausgereifte und vitaminreiche Fr\u00fcchte. Wir m\u00f6chten Ihnen zeigen, wie wir&nbsp;arbeiten&nbsp;und welche&nbsp;Fr\u00fcchte&nbsp;wir f\u00fcr Sie anbauen.<br \/>In unserem&nbsp;Hofladen&nbsp;finden Sie zus\u00e4tzlich eine breite Auswahl an Marmeladen, Kern\u00f6l, sowie Weinen, Lik\u00f6ren und Br\u00e4nden aus eigener oder b\u00e4uerlicher Produktion.<br \/>Dar\u00fcberhinaus bieten wir Ihnen tagesfrisches Obst und&nbsp;Gem\u00fcse und landwirtschaftliche Produkte an.<\/p>\n\n\n\n<p class=\"has-text-align-center is-style-default wp-block-paragraph\" style=\"margin-top:0;margin-bottom:0\"><strong>Ihre Familie Ketschler &amp; Familie Gl\u00fcck<\/strong><\/p>\n\n\n\n<p class=\"has-text-align-right wp-block-paragraph\" id=\"fotos\" style=\"margin-top:var(--wp--preset--spacing--20);margin-bottom:var(--wp--preset--spacing--20);padding-top:0;padding-right:0;padding-bottom:0;padding-left:0\"><a href=\"#top\" data-type=\"internal\" data-id=\"#top\"><img loading=\"lazy\" decoding=\"async\" width=\"50\" height=\"50\" class=\"wp-image-1406\" style=\"width: 50px;\" src=\"https:\/\/www.obsthof-glueck.at\/wp-content\/uploads\/2025\/04\/nach_oben.png\" alt=\"\" srcset=\"https:\/\/www.obsthof-glueck.at\/wp-content\/uploads\/2025\/04\/nach_oben.png 472w, https:\/\/www.obsthof-glueck.at\/wp-content\/uploads\/2025\/04\/nach_oben-300x300.png 300w, https:\/\/www.obsthof-glueck.at\/wp-content\/uploads\/2025\/04\/nach_oben-150x150.png 150w\" sizes=\"auto, (max-width: 50px) 100vw, 50px\" \/><\/a><\/p>\n\n\n\n<p class=\"has-text-align-center wp-block-paragraph\" id=\"fotos\" style=\"margin-top:var(--wp--preset--spacing--20);margin-bottom:var(--wp--preset--spacing--20)\">Fotos Familie<\/p>\n\n\n\n<div class=\"wp-block-uagb-slider uagb-block-48966f3a uagb-slider-container\"><div class=\"uagb-slides uagb-swiper\"><div class=\"swiper-wrapper\">\n\n<div class=\"wp-block-uagb-slider-child uagb-slider-child-wrap swiper-slide uagb-block-1ed76057\"><div class=\"swiper-content\">\n\n<figure class=\"wp-block-image aligncenter size-full is-resized\"><img decoding=\"async\" src=\"https:\/\/www.obsthof-glueck.at\/wp-content\/uploads\/2018\/05\/Familienfoto.jpg\" alt=\"\" style=\"box-shadow:var(--wp--preset--shadow--natural);width:auto;height:500px\"\/><\/figure>\n\n<\/div><\/div>\n\n\n<div class=\"wp-block-uagb-slider-child uagb-slider-child-wrap swiper-slide uagb-block-ca520d0c\"><div class=\"swiper-content\">\n\n<figure class=\"wp-block-image size-large is-resized\"><img decoding=\"async\" src=\"https:\/\/www.obsthof-glueck.at\/wp-content\/uploads\/2025\/04\/2025-04-11_familie-731x1024.jpg\" alt=\"\" style=\"box-shadow:var(--wp--preset--shadow--natural);width:auto;height:500px\"\/><\/figure>\n\n<\/div><\/div>\n\n<\/div><\/div><div class=\"swiper-pagination\"><\/div><div class=\"swiper-button-prev\"><\/div><div class=\"swiper-button-next\"><\/div><\/div>\n","protected":false},"excerpt":{"rendered":"<p>Fotos Herzlich willkommenam Obsthof Gl\u00fcck! Naturnaher und umweltfreundlicher Anbau ist f\u00fcr unseren anerkannten Obstbaufachbetrieb eine Selbstverst\u00e4ndlichkeit.Eine sorgf\u00e4ltige Sortenwahl sorgt seit [&hellip;]<\/p>\n","protected":false},"author":1,"featured_media":0,"parent":0,"menu_order":1,"comment_status":"closed","ping_status":"closed","template":"","meta":{"_coblocks_attr":"","_coblocks_dimensions":"","_coblocks_responsive_height":"","_coblocks_accordion_ie_support":"","_crdt_document":"","_uag_custom_page_level_css":"","site-sidebar-layout":"default","site-content-layout":"","ast-site-content-layout":"narrow-width-container","site-content-style":"boxed","site-sidebar-style":"default","ast-global-header-display":"","ast-banner-title-visibility":"","ast-main-header-display":"","ast-hfb-above-header-display":"","ast-hfb-below-header-display":"","ast-hfb-mobile-header-display":"","site-post-title":"disabled","ast-breadcrumbs-content":"","ast-featured-img":"","footer-sml-layout":"","ast-disable-related-posts":"","theme-transparent-header-meta":"","adv-header-id-meta":"","stick-header-meta":"","header-above-stick-meta":"","header-main-stick-meta":"","header-below-stick-meta":"","astra-migrate-meta-layouts":"default","ast-page-background-enabled":"default","ast-page-background-meta":{"desktop":{"background-color":"var(--ast-global-color-5)","background-image":"","background-repeat":"repeat","background-position":"center center","background-size":"auto","background-attachment":"scroll","background-type":"","background-media":"","overlay-type":"","overlay-color":"","overlay-opacity":"","overlay-gradient":""},"tablet":{"background-color":"","background-image":"","background-repeat":"repeat","background-position":"center center","background-size":"auto","background-attachment":"scroll","background-type":"","background-media":"","overlay-type":"","overlay-color":"","overlay-opacity":"","overlay-gradient":""},"mobile":{"background-color":"","background-image":"","background-repeat":"repeat","background-position":"center center","background-size":"auto","background-attachment":"scroll","background-type":"","background-media":"","overlay-type":"","overlay-color":"","overlay-opacity":"","overlay-gradient":""}},"ast-content-background-meta":{"desktop":{"background-color":"var(--ast-global-color-4)","background-image":"","background-repeat":"repeat","background-position":"center center","background-size":"auto","background-attachment":"scroll","background-type":"","background-media":"","overlay-type":"","overlay-color":"","overlay-opacity":"","overlay-gradient":""},"tablet":{"background-color":"var(--ast-global-color-4)","background-image":"","background-repeat":"repeat","background-position":"center center","background-size":"auto","background-attachment":"scroll","background-type":"","background-media":"","overlay-type":"","overlay-color":"","overlay-opacity":"","overlay-gradient":""},"mobile":{"background-color":"var(--ast-global-color-4)","background-image":"","background-repeat":"repeat","background-position":"center center","background-size":"auto","background-attachment":"scroll","background-type":"","background-media":"","overlay-type":"","overlay-color":"","overlay-opacity":"","overlay-gradient":""}},"footnotes":""},"class_list":["post-17","page","type-page","status-publish","hentry"],"uagb_featured_image_src":{"full":false,"thumbnail":false,"medium":false,"medium_large":false,"large":false,"1536x1536":false,"2048x2048":false},"uagb_author_info":{"display_name":"wordpressadmin","author_link":"https:\/\/www.obsthof-glueck.at\/?author=1"},"uagb_comment_info":0,"uagb_excerpt":"Fotos Herzlich willkommenam Obsthof Gl\u00fcck! Naturnaher und umweltfreundlicher Anbau ist f\u00fcr unseren anerkannten Obstbaufachbetrieb eine Selbstverst\u00e4ndlichkeit.Eine sorgf\u00e4ltige Sortenwahl sorgt seit [&hellip;]","_links":{"self":[{"href":"https:\/\/www.obsthof-glueck.at\/index.php?rest_route=\/wp\/v2\/pages\/17","targetHints":{"allow":["GET"]}}],"collection":[{"href":"https:\/\/www.obsthof-glueck.at\/index.php?rest_route=\/wp\/v2\/pages"}],"about":[{"href":"https:\/\/www.obsthof-glueck.at\/index.php?rest_route=\/wp\/v2\/types\/page"}],"author":[{"embeddable":true,"href":"https:\/\/www.obsthof-glueck.at\/index.php?rest_route=\/wp\/v2\/users\/1"}],"replies":[{"embeddable":true,"href":"https:\/\/www.obsthof-glueck.at\/index.php?rest_route=%2Fwp%2Fv2%2Fcomments&post=17"}],"version-history":[{"count":57,"href":"https:\/\/www.obsthof-glueck.at\/index.php?rest_route=\/wp\/v2\/pages\/17\/revisions"}],"predecessor-version":[{"id":1414,"href":"https:\/\/www.obsthof-glueck.at\/index.php?rest_route=\/wp\/v2\/pages\/17\/revisions\/1414"}],"wp:attachment":[{"href":"https:\/\/www.obsthof-glueck.at\/index.php?rest_route=%2Fwp%2Fv2%2Fmedia&parent=17"}],"curies":[{"name":"wp","href":"https:\/\/api.w.org\/{rel}","templated":true}]}}